{"id":1951,"date":"2023-11-15T12:26:13","date_gmt":"2023-11-15T12:26:13","guid":{"rendered":"https:\/\/analemusabogados.com\/?page_id=1951"},"modified":"2026-03-09T09:49:04","modified_gmt":"2026-03-09T09:49:04","slug":"areaadministrativalaboral","status":"publish","type":"page","link":"https:\/\/analemusabogados.com\/index.php\/areaadministrativalaboral\/","title":{"rendered":"\u00c1rea Administrativa &#8211; Laboral &#8211; Mercantil"},"content":{"rendered":"<h2>\u00c1rea Administrativa<\/h2>\n<ul style=\"text-align: left;\">\n<li><strong>Reclamaciones administrativas<\/strong> en general ante Ayuntamientos, Cabildos o ante cualquier Administraci\u00f3n P\u00fablica.<\/li>\n<li>Reclamaciones por <strong>responsabilidad patrimonial<\/strong> de las administraciones p\u00fablicas por <strong>funcionamiento anormal<\/strong> de los servicios p\u00fablicos.<\/li>\n<li>Gesti\u00f3n y recursos de <strong>multas de tr\u00e1fico<\/strong>.<\/li>\n<\/ul>\n<h2>\u00c1rea Laboral<\/h2>\n<ul>\n<li style=\"text-align: left;\">Asesoramiento general. Defensa de empresas y\/o trabajadores.<\/li>\n<li style=\"text-align: left;\"><strong>Seguridad social<\/strong>. Formalizamos reclamaciones de discapacidad absoluta o total, reclamaciones altas m\u00e9dicas, etc., ante la Seguridad Social.<\/li>\n<li style=\"text-align: left;\"><strong>Extranjer\u00eda.<\/strong><\/li>\n<li style=\"text-align: left;\">Proceso laboral: Realizamos <strong>reclamaciones de cantidad<\/strong> (n\u00f3minas, conceptos de n\u00f3minas impagadas ejemplo plus del trasporte, etc.).<\/li>\n<li style=\"text-align: left;\"><strong>Denunciamos despidos improcedentes y\/o nulos<\/strong>.<\/li>\n<\/ul>\n<p>&nbsp;<\/p>\n<h2>\u00c1rea Mercantil<\/h2>\n<ul>\n<li><strong>Ley de Segunda Oportunidad<\/strong>. Cancelamos sus deudas de particulares y aut\u00f3nomos cuando no pueden hacerles frente ante el Juzgado de Lo Mercantil.<\/li>\n<li>C\u00e1rtel de Veh\u00edculos. Solicitamos indemnizaci\u00f3n si ha comprado un coche entre los a\u00f1os 2006 y 2013 de<strong> Alfa Romeo, Audi, BMW, Citro\u00ebn, Fiat, Ford, Honda, Hyundai, Kia, Mazda, Mercedes-Benz, Nissan, Opel, Peugeot, <\/strong><strong>Renault, SEAT, Toyota, Volkswagen y Volvo<\/strong>, entre otras, teniendo derecho a reclamar una indemnizaci\u00f3n por el sobrecoste pagado, que se estima entre el 10% y el 15% del valor del coche.<\/li>\n<\/ul>\n<ul>\n<li style=\"list-style-type: none;\"><\/li>\n<\/ul>\n","protected":false},"excerpt":{"rendered":"<p>\u00c1rea Administrativa Reclamaciones administrativas en general ante Ayuntamientos, Cabildos o ante cualquier Administraci\u00f3n P\u00fablica. Reclamaciones por responsabilidad patrimonial de las administraciones p\u00fablicas por funcionamiento anormal de los servicios p\u00fablicos. Gesti\u00f3n &#8230;<\/p>\n","protected":false},"author":3,"featured_media":0,"parent":0,"menu_order":0,"comment_status":"closed","ping_status":"closed","template":"","meta":{"_joinchat":[],"footnotes":""},"class_list":["post-1951","page","type-page","status-publish","hentry"],"_links":{"self":[{"href":"https:\/\/analemusabogados.com\/index.php\/wp-json\/wp\/v2\/pages\/1951","targetHints":{"allow":["GET"]}}],"collection":[{"href":"https:\/\/analemusabogados.com\/index.php\/wp-json\/wp\/v2\/pages"}],"about":[{"href":"https:\/\/analemusabogados.com\/index.php\/wp-json\/wp\/v2\/types\/page"}],"author":[{"embeddable":true,"href":"https:\/\/analemusabogados.com\/index.php\/wp-json\/wp\/v2\/users\/3"}],"replies":[{"embeddable":true,"href":"https:\/\/analemusabogados.com\/index.php\/wp-json\/wp\/v2\/comments?post=1951"}],"version-history":[{"count":4,"href":"https:\/\/analemusabogados.com\/index.php\/wp-json\/wp\/v2\/pages\/1951\/revisions"}],"predecessor-version":[{"id":2011,"href":"https:\/\/analemusabogados.com\/index.php\/wp-json\/wp\/v2\/pages\/1951\/revisions\/2011"}],"wp:attachment":[{"href":"https:\/\/analemusabogados.com\/index.php\/wp-json\/wp\/v2\/media?parent=1951"}],"curies":[{"name":"wp","href":"https:\/\/api.w.org\/{rel}","templated":true}]}}