{"id":1992,"date":"2026-03-09T08:55:28","date_gmt":"2026-03-09T08:55:28","guid":{"rendered":"https:\/\/analemusabogados.com\/?page_id=1992"},"modified":"2026-03-10T08:59:20","modified_gmt":"2026-03-10T08:59:20","slug":"area-civil-inmobiliaria-familia-bancario","status":"publish","type":"page","link":"https:\/\/analemusabogados.com\/index.php\/area-civil-inmobiliaria-familia-bancario\/","title":{"rendered":"\u00c1rea Civil- Inmobiliaria &#8211; Familia &#8211; Bancario"},"content":{"rendered":"<h2>\u00c1rea Civil<\/h2>\n<ul style=\"text-align: left;\">\n<li><strong>Juicios en general.<\/strong> Reclamamos deudas o cantidades debidas de facturas o<br \/>\nreconocimiento de deudas, indemnizaci\u00f3n de cualquier tipo as\u00ed como las<br \/>\nderivadas de accidentes de tr\u00e1fico, reclamamos vicios ocultos de compraventa<br \/>\nde veh\u00edculos, desahucios, etc.<\/li>\n<li><strong>Jurisdicci\u00f3n voluntaria.<\/strong> Reclamamos autorizaci\u00f3n de viajes de menores al<br \/>\nextranjero, autorizaci\u00f3n para enajenar bienes de menores, etc.<\/li>\n<li><strong>Contratos de todo tipo.<\/strong> Redactamos y resolvemos contratos.<\/li>\n<\/ul>\n<p>&nbsp;<\/p>\n<h2>\u00c1rea Inmobiliaria<\/h2>\n<ul>\n<li><strong>Asesoramiento y acompa\u00f1amiento en el servicio de compraventa<\/strong>.<br \/>\nRedactamos contratos de comisiones, confidencialidad, etc.<\/li>\n<li><strong>Derecho registral e inmobiliario<\/strong>. Redactamos contratos de compraventa,<br \/>\ncontratos de arras, etc.<\/li>\n<\/ul>\n<p>&nbsp;<\/p>\n<h2>\u00c1rea Familia<\/h2>\n<ul>\n<li><strong>Divorcios<\/strong> y liquidaci\u00f3n de sociedad de gananciales de mutuo acuerdo y<br \/>\ncontenciosos.<\/li>\n<li><strong>Guarda y custodia<\/strong> de hijos extramatrimoniales de mutuo acuerdo y<br \/>\ncontenciosos.<\/li>\n<li><strong>Procedimiento exequatur.<\/strong> Formalizamos procedimiento de homologaci\u00f3n<br \/>\nde divorcios formulados en el extranjero.<\/li>\n<li><strong>Curatelas.<\/strong> Solicitamos ante el Juzgado el nombramiento de cuidador de<br \/>\npersonas mayores\/discapacitadas.<\/li>\n<li>Reclamaciones de <strong>pensiones alimenticias<\/strong>.<\/li>\n<li><strong>Herencias<\/strong>.<\/li>\n<\/ul>\n<p>&nbsp;<\/p>\n<h2>\u00c1rea bancaria<\/h2>\n<ul>\n<li>Reclamamos cl\u00e1usulas abusivas como cl\u00e1usulas suelo, gastos hipotecarios,<br \/>\nswaps, etc.<\/li>\n<\/ul>\n","protected":false},"excerpt":{"rendered":"<p>\u00c1rea Civil Juicios en general. Reclamamos deudas o cantidades debidas de facturas o reconocimiento de deudas, indemnizaci\u00f3n de cualquier tipo as\u00ed como las derivadas de accidentes de tr\u00e1fico, reclamamos vicios &#8230;<\/p>\n","protected":false},"author":1,"featured_media":0,"parent":0,"menu_order":0,"comment_status":"closed","ping_status":"closed","template":"","meta":{"_joinchat":[],"footnotes":""},"class_list":["post-1992","page","type-page","status-publish","hentry"],"_links":{"self":[{"href":"https:\/\/analemusabogados.com\/index.php\/wp-json\/wp\/v2\/pages\/1992","targetHints":{"allow":["GET"]}}],"collection":[{"href":"https:\/\/analemusabogados.com\/index.php\/wp-json\/wp\/v2\/pages"}],"about":[{"href":"https:\/\/analemusabogados.com\/index.php\/wp-json\/wp\/v2\/types\/page"}],"author":[{"embeddable":true,"href":"https:\/\/analemusabogados.com\/index.php\/wp-json\/wp\/v2\/users\/1"}],"replies":[{"embeddable":true,"href":"https:\/\/analemusabogados.com\/index.php\/wp-json\/wp\/v2\/comments?post=1992"}],"version-history":[{"count":2,"href":"https:\/\/analemusabogados.com\/index.php\/wp-json\/wp\/v2\/pages\/1992\/revisions"}],"predecessor-version":[{"id":2025,"href":"https:\/\/analemusabogados.com\/index.php\/wp-json\/wp\/v2\/pages\/1992\/revisions\/2025"}],"wp:attachment":[{"href":"https:\/\/analemusabogados.com\/index.php\/wp-json\/wp\/v2\/media?parent=1992"}],"curies":[{"name":"wp","href":"https:\/\/api.w.org\/{rel}","templated":true}]}}